{"id":351,"date":"2022-11-23T11:37:55","date_gmt":"2022-11-23T10:37:55","guid":{"rendered":"http:\/\/boutique.evaadamsauteur.fr\/?post_type=product&#038;p=351"},"modified":"2022-11-23T11:41:52","modified_gmt":"2022-11-23T10:41:52","slug":"box-duo-365-jours-de-domination-365-jours-de-soumission","status":"publish","type":"product","link":"https:\/\/boutique.evaadamsauteur.fr\/index.php\/produit\/box-duo-365-jours-de-domination-365-jours-de-soumission\/","title":{"rendered":"Box duo 365 jours de Domination &#038; 365 jours de soumission"},"content":{"rendered":"","protected":false},"excerpt":{"rendered":"<div class=\"woocommerce-product-gallery woocommerce-product-gallery--with-images woocommerce-product-gallery--columns-5 images\" data-columns=\"5\">\n<div class=\"flex-viewport\">Box duo 365 jours de Domination &amp; 365 jours de soumission<\/div>\n<\/div>\n<div class=\"summary entry-summary\">\n<div class=\"woocommerce-product-details__short-description\">\n<p>La box contient :<\/p>\n<ul>\n<li>les deux livres broch\u00e9s \u00a0(valeur 36\u20ac)<\/li>\n<li>deux mugs (valeur de 24\u20ac)<\/li>\n<li>deux marque-pages papier (valeur 2\u20ac)<\/li>\n<li>deux marque-pages \u00e9pingle \u00e9rotique (valeur 4\u20ac)<\/li>\n<li>deux tote bag \u00e9rotique (20\u20ac)<\/li>\n<li>deux porte cl\u00e9s rectangle (valeur 4\u20ac)<\/li>\n<li>Savon douceur (valeur 3\u20ac)<\/li>\n<li>des surprises<\/li>\n<li>des petites g\u00e2teries ( \u00e0 d\u00e9guster bien s\u00fbr)<\/li>\n<\/ul>\n<p>Valeur de la box si achat s\u00e9par\u00e9 : 93 \u20ac<\/p>\n<p><strong>N\u2019oublie pas de laisser ton avis quand tu l\u2019auras lu<\/strong> <img class=\"emoji\" role=\"img\" draggable=\"false\" src=\"https:\/\/s.w.org\/images\/core\/emoji\/13.1.0\/svg\/1f609.svg\" alt=\"\ud83d\ude09\" \/><\/p>\n<\/div>\n<\/div>\n","protected":false},"featured_media":345,"comment_status":"open","ping_status":"closed","template":"","meta":[],"product_cat":[29],"product_tag":[],"yoast_head":"<!-- This site is optimized with the Yoast SEO plugin v17.3 - https:\/\/yoast.com\/wordpress\/plugins\/seo\/ -->\n<title>Box duo 365 jours de Domination &amp; 365 jours de soumission - Eva Adams<\/title>\n<meta name=\"description\" content=\"La Box duo est pleine de surprises. Deux livres broch\u00e9s d\u00e9dicac\u00e9s, deux mugs, deux marque pages, deux tote bags, et des surprises...\" \/>\n<meta name=\"robots\" content=\"index, follow, max-snippet:-1, max-image-preview:large, max-video-preview:-1\" \/>\n<link rel=\"canonical\" href=\"https:\/\/boutique.evaadamsauteur.fr\/index.php\/produit\/box-duo-365-jours-de-domination-365-jours-de-soumission\/\" \/>\n<meta property=\"og:locale\" content=\"en_US\" \/>\n<meta property=\"og:type\" content=\"article\" \/>\n<meta property=\"og:title\" content=\"Box duo 365 jours de Domination &amp; 365 jours de soumission - Eva Adams\" \/>\n<meta property=\"og:description\" content=\"La Box duo est pleine de surprises. Deux livres broch\u00e9s d\u00e9dicac\u00e9s, deux mugs, deux marque pages, deux tote bags, et des surprises...\" \/>\n<meta property=\"og:url\" content=\"https:\/\/boutique.evaadamsauteur.fr\/index.php\/produit\/box-duo-365-jours-de-domination-365-jours-de-soumission\/\" \/>\n<meta property=\"og:site_name\" content=\"WordPress\" \/>\n<meta property=\"article:publisher\" content=\"https:\/\/www.facebook.com\/profile.php?id=100009420983034\" \/>\n<meta property=\"article:modified_time\" content=\"2022-11-23T10:41:52+00:00\" \/>\n<meta property=\"og:image\" content=\"https:\/\/boutique.evaadamsauteur.fr\/wp-content\/uploads\/2022\/11\/Box-duo-365-jours.png\" \/>\n\t<meta property=\"og:image:width\" content=\"1080\" \/>\n\t<meta property=\"og:image:height\" content=\"1080\" \/>\n<meta name=\"twitter:card\" content=\"summary_large_image\" \/>\n<script type=\"application\/ld+json\" class=\"yoast-schema-graph\">{\"@context\":\"https:\/\/schema.org\",\"@graph\":[{\"@type\":\"Organization\",\"@id\":\"https:\/\/boutique.evaadamsauteur.fr\/#organization\",\"name\":\"Eva Adams\",\"url\":\"https:\/\/boutique.evaadamsauteur.fr\/\",\"sameAs\":[\"https:\/\/www.facebook.com\/profile.php?id=100009420983034\",\"https:\/\/www.instagram.com\/eva_adams_auteure\/\"],\"logo\":{\"@type\":\"ImageObject\",\"@id\":\"https:\/\/boutique.evaadamsauteur.fr\/#logo\",\"inLanguage\":\"en-US\",\"url\":\"http:\/\/boutique.evaadamsauteur.fr\/wp-content\/uploads\/2021\/10\/Copie-de-Profil-Eva-Adams-1024x1024-1.png\",\"contentUrl\":\"http:\/\/boutique.evaadamsauteur.fr\/wp-content\/uploads\/2021\/10\/Copie-de-Profil-Eva-Adams-1024x1024-1.png\",\"width\":1024,\"height\":1024,\"caption\":\"Eva Adams\"},\"image\":{\"@id\":\"https:\/\/boutique.evaadamsauteur.fr\/#logo\"}},{\"@type\":\"WebSite\",\"@id\":\"https:\/\/boutique.evaadamsauteur.fr\/#website\",\"url\":\"https:\/\/boutique.evaadamsauteur.fr\/\",\"name\":\"WordPress\",\"description\":\"Un site utilisant WordPress\",\"publisher\":{\"@id\":\"https:\/\/boutique.evaadamsauteur.fr\/#organization\"},\"potentialAction\":[{\"@type\":\"SearchAction\",\"target\":{\"@type\":\"EntryPoint\",\"urlTemplate\":\"https:\/\/boutique.evaadamsauteur.fr\/?s={search_term_string}\"},\"query-input\":\"required name=search_term_string\"}],\"inLanguage\":\"en-US\"},{\"@type\":\"ImageObject\",\"@id\":\"https:\/\/boutique.evaadamsauteur.fr\/index.php\/produit\/box-duo-365-jours-de-domination-365-jours-de-soumission\/#primaryimage\",\"inLanguage\":\"en-US\",\"url\":\"https:\/\/boutique.evaadamsauteur.fr\/wp-content\/uploads\/2022\/11\/Box-duo-365-jours.png\",\"contentUrl\":\"https:\/\/boutique.evaadamsauteur.fr\/wp-content\/uploads\/2022\/11\/Box-duo-365-jours.png\",\"width\":1080,\"height\":1080,\"caption\":\"Box duo 365 jours de Domination & 365 jours de soumission\"},{\"@type\":\"WebPage\",\"@id\":\"https:\/\/boutique.evaadamsauteur.fr\/index.php\/produit\/box-duo-365-jours-de-domination-365-jours-de-soumission\/#webpage\",\"url\":\"https:\/\/boutique.evaadamsauteur.fr\/index.php\/produit\/box-duo-365-jours-de-domination-365-jours-de-soumission\/\",\"name\":\"Box duo 365 jours de Domination & 365 jours de soumission - Eva Adams\",\"isPartOf\":{\"@id\":\"https:\/\/boutique.evaadamsauteur.fr\/#website\"},\"primaryImageOfPage\":{\"@id\":\"https:\/\/boutique.evaadamsauteur.fr\/index.php\/produit\/box-duo-365-jours-de-domination-365-jours-de-soumission\/#primaryimage\"},\"datePublished\":\"2022-11-23T10:37:55+00:00\",\"dateModified\":\"2022-11-23T10:41:52+00:00\",\"description\":\"La Box duo est pleine de surprises. Deux livres broch\\u00e9s d\\u00e9dicac\\u00e9s, deux mugs, deux marque pages, deux tote bags, et des surprises...\",\"breadcrumb\":{\"@id\":\"https:\/\/boutique.evaadamsauteur.fr\/index.php\/produit\/box-duo-365-jours-de-domination-365-jours-de-soumission\/#breadcrumb\"},\"inLanguage\":\"en-US\",\"potentialAction\":[{\"@type\":\"ReadAction\",\"target\":[\"https:\/\/boutique.evaadamsauteur.fr\/index.php\/produit\/box-duo-365-jours-de-domination-365-jours-de-soumission\/\"]}]},{\"@type\":\"BreadcrumbList\",\"@id\":\"https:\/\/boutique.evaadamsauteur.fr\/index.php\/produit\/box-duo-365-jours-de-domination-365-jours-de-soumission\/#breadcrumb\",\"itemListElement\":[{\"@type\":\"ListItem\",\"position\":1,\"name\":\"Home\",\"item\":\"https:\/\/boutique.evaadamsauteur.fr\/\"},{\"@type\":\"ListItem\",\"position\":2,\"name\":\"Boutique\",\"item\":\"https:\/\/boutique.evaadamsauteur.fr\/\"},{\"@type\":\"ListItem\",\"position\":3,\"name\":\"Box duo 365 jours de Domination &#038; 365 jours de soumission\"}]}]}<\/script>\n<!-- \/ Yoast SEO plugin. -->","yoast_head_json":{"title":"Box duo 365 jours de Domination & 365 jours de soumission - Eva Adams","description":"La Box duo est pleine de surprises. Deux livres broch\u00e9s d\u00e9dicac\u00e9s, deux mugs, deux marque pages, deux tote bags, et des surprises...","robots":{"index":"index","follow":"follow","max-snippet":"max-snippet:-1","max-image-preview":"max-image-preview:large","max-video-preview":"max-video-preview:-1"},"canonical":"https:\/\/boutique.evaadamsauteur.fr\/index.php\/produit\/box-duo-365-jours-de-domination-365-jours-de-soumission\/","og_locale":"en_US","og_type":"article","og_title":"Box duo 365 jours de Domination & 365 jours de soumission - Eva Adams","og_description":"La Box duo est pleine de surprises. Deux livres broch\u00e9s d\u00e9dicac\u00e9s, deux mugs, deux marque pages, deux tote bags, et des surprises...","og_url":"https:\/\/boutique.evaadamsauteur.fr\/index.php\/produit\/box-duo-365-jours-de-domination-365-jours-de-soumission\/","og_site_name":"WordPress","article_publisher":"https:\/\/www.facebook.com\/profile.php?id=100009420983034","article_modified_time":"2022-11-23T10:41:52+00:00","og_image":[{"width":1080,"height":1080,"url":"https:\/\/boutique.evaadamsauteur.fr\/wp-content\/uploads\/2022\/11\/Box-duo-365-jours.png","type":"image\/png"}],"twitter_card":"summary_large_image","schema":{"@context":"https:\/\/schema.org","@graph":[{"@type":"Organization","@id":"https:\/\/boutique.evaadamsauteur.fr\/#organization","name":"Eva Adams","url":"https:\/\/boutique.evaadamsauteur.fr\/","sameAs":["https:\/\/www.facebook.com\/profile.php?id=100009420983034","https:\/\/www.instagram.com\/eva_adams_auteure\/"],"logo":{"@type":"ImageObject","@id":"https:\/\/boutique.evaadamsauteur.fr\/#logo","inLanguage":"en-US","url":"http:\/\/boutique.evaadamsauteur.fr\/wp-content\/uploads\/2021\/10\/Copie-de-Profil-Eva-Adams-1024x1024-1.png","contentUrl":"http:\/\/boutique.evaadamsauteur.fr\/wp-content\/uploads\/2021\/10\/Copie-de-Profil-Eva-Adams-1024x1024-1.png","width":1024,"height":1024,"caption":"Eva Adams"},"image":{"@id":"https:\/\/boutique.evaadamsauteur.fr\/#logo"}},{"@type":"WebSite","@id":"https:\/\/boutique.evaadamsauteur.fr\/#website","url":"https:\/\/boutique.evaadamsauteur.fr\/","name":"WordPress","description":"Un site utilisant WordPress","publisher":{"@id":"https:\/\/boutique.evaadamsauteur.fr\/#organization"},"potentialAction":[{"@type":"SearchAction","target":{"@type":"EntryPoint","urlTemplate":"https:\/\/boutique.evaadamsauteur.fr\/?s={search_term_string}"},"query-input":"required name=search_term_string"}],"inLanguage":"en-US"},{"@type":"ImageObject","@id":"https:\/\/boutique.evaadamsauteur.fr\/index.php\/produit\/box-duo-365-jours-de-domination-365-jours-de-soumission\/#primaryimage","inLanguage":"en-US","url":"https:\/\/boutique.evaadamsauteur.fr\/wp-content\/uploads\/2022\/11\/Box-duo-365-jours.png","contentUrl":"https:\/\/boutique.evaadamsauteur.fr\/wp-content\/uploads\/2022\/11\/Box-duo-365-jours.png","width":1080,"height":1080,"caption":"Box duo 365 jours de Domination & 365 jours de soumission"},{"@type":"WebPage","@id":"https:\/\/boutique.evaadamsauteur.fr\/index.php\/produit\/box-duo-365-jours-de-domination-365-jours-de-soumission\/#webpage","url":"https:\/\/boutique.evaadamsauteur.fr\/index.php\/produit\/box-duo-365-jours-de-domination-365-jours-de-soumission\/","name":"Box duo 365 jours de Domination & 365 jours de soumission - Eva Adams","isPartOf":{"@id":"https:\/\/boutique.evaadamsauteur.fr\/#website"},"primaryImageOfPage":{"@id":"https:\/\/boutique.evaadamsauteur.fr\/index.php\/produit\/box-duo-365-jours-de-domination-365-jours-de-soumission\/#primaryimage"},"datePublished":"2022-11-23T10:37:55+00:00","dateModified":"2022-11-23T10:41:52+00:00","description":"La Box duo est pleine de surprises. Deux livres broch\u00e9s d\u00e9dicac\u00e9s, deux mugs, deux marque pages, deux tote bags, et des surprises...","breadcrumb":{"@id":"https:\/\/boutique.evaadamsauteur.fr\/index.php\/produit\/box-duo-365-jours-de-domination-365-jours-de-soumission\/#breadcrumb"},"inLanguage":"en-US","potentialAction":[{"@type":"ReadAction","target":["https:\/\/boutique.evaadamsauteur.fr\/index.php\/produit\/box-duo-365-jours-de-domination-365-jours-de-soumission\/"]}]},{"@type":"BreadcrumbList","@id":"https:\/\/boutique.evaadamsauteur.fr\/index.php\/produit\/box-duo-365-jours-de-domination-365-jours-de-soumission\/#breadcrumb","itemListElement":[{"@type":"ListItem","position":1,"name":"Home","item":"https:\/\/boutique.evaadamsauteur.fr\/"},{"@type":"ListItem","position":2,"name":"Boutique","item":"https:\/\/boutique.evaadamsauteur.fr\/"},{"@type":"ListItem","position":3,"name":"Box duo 365 jours de Domination &#038; 365 jours de soumission"}]}]}},"_links":{"self":[{"href":"https:\/\/boutique.evaadamsauteur.fr\/index.php\/wp-json\/wp\/v2\/product\/351"}],"collection":[{"href":"https:\/\/boutique.evaadamsauteur.fr\/index.php\/wp-json\/wp\/v2\/product"}],"about":[{"href":"https:\/\/boutique.evaadamsauteur.fr\/index.php\/wp-json\/wp\/v2\/types\/product"}],"replies":[{"embeddable":true,"href":"https:\/\/boutique.evaadamsauteur.fr\/index.php\/wp-json\/wp\/v2\/comments?post=351"}],"wp:featuredmedia":[{"embeddable":true,"href":"https:\/\/boutique.evaadamsauteur.fr\/index.php\/wp-json\/wp\/v2\/media\/345"}],"wp:attachment":[{"href":"https:\/\/boutique.evaadamsauteur.fr\/index.php\/wp-json\/wp\/v2\/media?parent=351"}],"wp:term":[{"taxonomy":"product_cat","embeddable":true,"href":"https:\/\/boutique.evaadamsauteur.fr\/index.php\/wp-json\/wp\/v2\/product_cat?post=351"},{"taxonomy":"product_tag","embeddable":true,"href":"https:\/\/boutique.evaadamsauteur.fr\/index.php\/wp-json\/wp\/v2\/product_tag?post=351"}],"curies":[{"name":"wp","href":"https:\/\/api.w.org\/{rel}","templated":true}]}}